{"id":7,"date":"2016-08-21T20:18:42","date_gmt":"2016-08-21T20:18:42","guid":{"rendered":"http:\/\/admin.jira-servis.cz\/?page_id=7"},"modified":"2020-08-08T20:52:49","modified_gmt":"2020-08-08T20:52:49","slug":"it-sluzby","status":"publish","type":"page","link":"https:\/\/jira-servis.cz\/?page_id=7","title":{"rendered":"IT slu\u017eby"},"content":{"rendered":"<p><strong>Pro\u010d oprava po\u010d\u00edta\u010d\u016f a servis po\u010d\u00edta\u010d\u016f od n\u00e1s?\u00a0<\/strong><\/p>\n<p>V\u00fdhody a p\u0159ednosti:<\/p>\n<ul>\n<li><span style=\"text-decoration: underline;\">Ucelen\u00e9 slu\u017eby<\/span> &#8211; n\u00e1\u0161 PC servis pokr\u00fdv\u00e1 celou paletu \u010dinnost\u00ed a tvo\u0159\u00ed tak kompletn\u00ed slu\u017ebu<\/li>\n<li><span style=\"text-decoration: underline;\">Profesionalita<\/span> &#8211; pokud nebudeme schopni odstranit a opravit z\u00e1vadu nebudeme \u00fa\u010dtovat \u017e\u00e1dn\u00fd poplatek<\/li>\n<li><span style=\"text-decoration: underline;\">Pokryt\u00ed<\/span> &#8211; oprava po\u010d\u00edta\u010d\u016f a servis po\u010d\u00edta\u010d\u016f pokr\u00fdv\u00e1 cel\u00fd kraj Vyso\u010dina se s\u00eddlem v Moravsk\u00fdch Bud\u011bjovic\u00edch.<\/li>\n<li><span style=\"text-decoration: underline;\">Cena<\/span> &#8211; f\u00e9rov\u00e1 hodinov\u00e1 sazba a v\u00fdjezd technika zdarma!<\/li>\n<\/ul>\n<p>Pro dom\u00e1cnosti a firemn\u00ed z\u00e1kazn\u00edky nab\u00edz\u00edme rychl\u00e9 a efektivn\u00ed opravy po\u010d\u00edta\u010d\u016f a servis po\u010d\u00edta\u010d\u016f p\u0159\u00edmo u V\u00e1s\u00a0 doma nebo ve firm\u011b. Dle rozsahu probl\u00e9mu trv\u00e1 oprava po\u010d\u00edta\u010d\u016f ji\u017e do jedn\u00e9 a\u017e dvou hodin. Z\u00e1vadu efektivn\u011b\u00a0 oprav\u00edme a porad\u00edme, jak opakovan\u00fdm pot\u00ed\u017e\u00edm p\u0159edej\u00edt. Oprava po\u010d\u00edta\u010d\u016f je pro na\u0161e \u0161kolen\u00e9 a certifikovan\u00e9\u00a0 techniky samoz\u0159ejmost\u00ed a denn\u00ed rutinou.<\/p>\n<p>Jak fungujeme?<\/p>\n<blockquote><p><span style=\"color: #808080;\"><em>Od jin\u00fdch servis\u016f se li\u0161\u00edme p\u0159edev\u0161\u00edm t\u00edm, \u017ee dovoz v\u00fdpo\u010detn\u00ed techniky na na\u0161e servisn\u00ed st\u0159edisko mohou pouze\u00a0 na\u0161i technici. V praxi fungujeme tak, \u017ee ve V\u00e1mi smluven\u00fd \u010das p\u0159ijede technik ZDARMA (okol\u00ed 30km od Mor.\u00a0 Bud\u011bjovic) k V\u00e1m dom\u016f nebo do firmy a probl\u00e9m vy\u0159e\u0161\u00ed na m\u00edst\u011b. Jestli\u017ee do 15 minut od p\u0159\u00edjezdu technik shled\u00e1\u00a0 po\u010d\u00edta\u010d v ter\u00e9nu ne-opraviteln\u00fd, ne\u00fa\u010dtuje \u017e\u00e1dnou hodinovou sazbu, vyp\u00ed\u0161e V\u00e1m doklad o p\u0159\u00edjmu po\u010d\u00edta\u010de a\u00a0 ZDARMA jej odveze na na\u0161e st\u0159edisko. Po oprav\u011b V\u00e1m zavol\u00e1me a zase p\u0159ivezeme zdarma k V\u00e1m dom\u016f nebo do\u00a0 firmy. \u0160et\u0159\u00edme tak nejen V\u00e1\u0161 \u010das, ale i pen\u00edze.<\/em><\/span><\/p><\/blockquote>\n<p>D\u00e9lka opravy?<\/p>\n<blockquote><p><span style=\"color: #808080;\"><em>D\u00e9lka opravy p\u0159i odvozu se standardn\u011b pohybuje do 3 pracovn\u00edch dn\u016f v z\u00e1vislosti na druhu probl\u00e9mu a po\u010dtu aktu\u00e1ln\u011b\u00a0 servisovan\u00fdch po\u010d\u00edta\u010d\u016f. V\u011bt\u0161inu b\u011b\u017en\u00fdch n\u00e1hradn\u00edch d\u00edl\u016f m\u00e1me p\u0159ipraveno skladem nebo na sklad\u011b dodavatele,\u00a0 speci\u00e1ln\u00ed d\u00edly pak mus\u00edme objednat a jsou k dispozici obvykle do t\u00fddne.<\/em><\/span><\/p><\/blockquote>\n<hr \/>\n<p><strong>Nej\u010dast\u011bj\u0161\u00ed p\u0159\u00edklady servisn\u00edch prac\u00ed:<\/strong><\/p>\n<p>&#8211; instalace opera\u010dn\u00edho syst\u00e9mu (Windows) &#8211; Zdarma<\/p>\n<blockquote><p><span style=\"color: #808080;\"><em>Servisn\u00ed \u00fakon spo\u010d\u00edv\u00e1 v instalaci opera\u010dn\u00edho syst\u00e9mu do nov\u00e9ho po\u010d\u00edta\u010de zakoupen\u00e9 u n\u00e1s. D\u00e1le provedeme instalaci ovlada\u010d\u016f pro jednotliv\u00e9 komponenty a kompletn\u00ed aktualizaci opera\u010dn\u00edho syst\u00e9mu. Zodpov\u00edme tak\u00e9 Va\u0161e p\u0159\u00edpadn\u00e9 dotazy. Pokud budete m\u00edt z\u00e1jem, porad\u00edme V\u00e1m, jak spr\u00e1vn\u011b ukl\u00e1dat a z\u00e1lohovat d\u016fle\u017eit\u00e1 data.<\/em><\/span><\/p><\/blockquote>\n<p>&#8211; reinstalace opera\u010dn\u00edho syst\u00e9mu (Windows) &#8211; 1999,-<\/p>\n<blockquote><p><span style=\"color: #808080;\"><em>Servisn\u00ed \u00fakon spo\u010d\u00edv\u00e1 v odinstalaci nefunk\u010dn\u00edch program\u016f, ovlada\u010d\u016f a v op\u011btovn\u00e9 instalaci t\u011bchto program\u016f do PC. V p\u0159\u00edpad\u011b, \u017ee opera\u010dn\u00ed syst\u00e9m pracuje pomalu a nespolehliv\u011b doporu\u010dujeme prov\u00e9st kompletn\u00ed z\u00e1lohu dat, form\u00e1t pevn\u00e9ho disku a novou instalaci opera\u010dn\u00edho syst\u00e9mu, ovlada\u010d\u016f pro jednotliv\u00e9 komponenty a aktualizaci opera\u010dn\u00edho syst\u00e9mu a dal\u0161\u00edch program\u016f.<\/em><\/span><\/p><\/blockquote>\n<p>&#8211; instalace Wi-Fi routru &#8211; od 899,-<\/p>\n<blockquote><p><span style=\"color: #808080;\"><em>M\u00e1te doma v\u00edce po\u010d\u00edta\u010d\u016f a p\u0159em\u00fd\u0161l\u00edte jak sd\u00edlet internet, data, tisk\u00e1rny a podobn\u011b? Nab\u00edz\u00edme V\u00e1m \u0159e\u0161en\u00ed bezdr\u00e1tov\u00e9 s\u00edt\u011b. Hardware pro stavbu bezdr\u00e1tov\u00e9 s\u00edt\u011b pou\u017e\u00edv\u00e1me v\u00fdhradn\u011b od t\u011bch nejlep\u0161\u00edch v\u00fdrobc\u016f v pom\u011bru kvalita\/cena. V p\u0159\u00edpad\u011b z\u00e1jmu o stavbu bezdr\u00e1tov\u00e9 s\u00edt\u011b n\u00e1s nev\u00e1hejte kontaktovat.<\/em><\/span><\/p><\/blockquote>\n<p>&#8211; oprava hardware &#8211; 420,-\/h<\/p>\n<blockquote><p><span style=\"color: #808080;\"><em>Hardwarov\u00fd servis spo\u010d\u00edv\u00e1 ve zji\u0161t\u011bn\u00ed z\u00e1vady na PC. Cena diagnostiky z\u00e1vady je u n\u00e1s zdarma. Zjist\u00edme, co se ve Va\u0161em po\u010d\u00edta\u010di porouchalo, dod\u00e1me n\u00e1hradn\u00ed d\u00edly a oprav\u00edme. Toto v\u0161e p\u0159\u00edmo u V\u00e1s \u2013 po\u010d\u00edta\u010d budete m\u00edt neust\u00e1le pod kontrolou. U slo\u017eit\u011bj\u0161\u00edch oprav si V\u00e1\u0161 po\u010d\u00edta\u010d odvezeme do na\u0161eho servisn\u00edho st\u0159ediska, kde ho v co mo\u017en\u00e1 nejkrat\u0161\u00ed dob\u011b oprav\u00edme a op\u011bt p\u0159ivezeme zp\u011bt.<\/em><\/span><\/p><\/blockquote>\n<p>&#8211; \u00fadr\u017eba po\u010d\u00edta\u010de\/notebooku pro dom\u00e1cnosti i pro firmy(fyzick\u00e9 vy\u010di\u0161t\u011bn\u00ed) &#8211; Od 899,-<\/p>\n<blockquote><p><span style=\"color: #808080;\"><em>Ji\u017e po n\u011bkolika m\u011bs\u00edc\u00edch provozu se uvnit\u0159 po\u010d\u00edta\u010de usazuje prach, kter\u00fd zhor\u0161uje odvod tepla po\u010d\u00edta\u010dov\u00fdch komponent a doch\u00e1z\u00ed k zna\u010dn\u00e9mu zkracov\u00e1n\u00ed \u017eivotnosti t\u011bchto sou\u010d\u00e1stek a pozd\u011bji i k mo\u017en\u00e9 z\u00e1vad\u011b. Jednor\u00e1zov\u00e1 celkov\u00e1 \u00fadr\u017eba &#8211; vn\u011bj\u0161\u00ed i vnit\u0159n\u00ed \u010di\u0161t\u011bn\u00ed speci\u00e1ln\u00edmi antistatick\u00fdmi prost\u0159edky, promaz\u00e1n\u00ed mechanick\u00fdch d\u00edl\u016f p\u0159edepsan\u00fdmi zna\u010dkov\u00fdmi oleji, otestov\u00e1n\u00ed funk\u010dnosti.<\/em><\/span><\/p><\/blockquote>\n","protected":false},"excerpt":{"rendered":"<p>Pro\u010d oprava po\u010d\u00edta\u010d\u016f a servis po\u010d\u00edta\u010d\u016f od n\u00e1s?\u00a0 V\u00fdhody a p\u0159ednosti: Ucelen\u00e9 slu\u017eby &#8211; n\u00e1\u0161 PC servis pokr\u00fdv\u00e1 celou paletu \u010dinnost\u00ed a tvo\u0159\u00ed tak kompletn\u00ed slu\u017ebu Profesionalita &#8211; pokud nebudeme schopni odstranit a opravit z\u00e1vadu nebudeme \u00fa\u010dtovat \u017e\u00e1dn\u00fd poplatek Pokryt\u00ed &#8211; oprava po\u010d\u00edta\u010d\u016f a servis po\u010d\u00edta\u010d\u016f pokr\u00fdv\u00e1 cel\u00fd kraj Vyso\u010dina se s\u00eddlem v Moravsk\u00fdch Bud\u011bjovic\u00edch. <a href=\"https:\/\/jira-servis.cz\/?page_id=7\" rel=\"nofollow\"><span class=\"sr-only\">P\u0159e\u010d\u00edst si v\u00edc oIT slu\u017eby<\/span>[&#8230;]<\/a><\/p>\n","protected":false},"author":1,"featured_media":26,"parent":0,"menu_order":0,"comment_status":"closed","ping_status":"closed","template":"template-fullwidth.php","meta":[],"aioseo_notices":[],"_links":{"self":[{"href":"https:\/\/jira-servis.cz\/index.php?rest_route=\/wp\/v2\/pages\/7"}],"collection":[{"href":"https:\/\/jira-servis.cz\/index.php?rest_route=\/wp\/v2\/pages"}],"about":[{"href":"https:\/\/jira-servis.cz\/index.php?rest_route=\/wp\/v2\/types\/page"}],"author":[{"embeddable":true,"href":"https:\/\/jira-servis.cz\/index.php?rest_route=\/wp\/v2\/users\/1"}],"replies":[{"embeddable":true,"href":"https:\/\/jira-servis.cz\/index.php?rest_route=%2Fwp%2Fv2%2Fcomments&post=7"}],"version-history":[{"count":6,"href":"https:\/\/jira-servis.cz\/index.php?rest_route=\/wp\/v2\/pages\/7\/revisions"}],"predecessor-version":[{"id":438,"href":"https:\/\/jira-servis.cz\/index.php?rest_route=\/wp\/v2\/pages\/7\/revisions\/438"}],"wp:featuredmedia":[{"embeddable":true,"href":"https:\/\/jira-servis.cz\/index.php?rest_route=\/wp\/v2\/media\/26"}],"wp:attachment":[{"href":"https:\/\/jira-servis.cz\/index.php?rest_route=%2Fwp%2Fv2%2Fmedia&parent=7"}],"curies":[{"name":"wp","href":"https:\/\/api.w.org\/{rel}","templated":true}]}}