{"id":21,"date":"2016-08-21T20:49:58","date_gmt":"2016-08-21T20:49:58","guid":{"rendered":"http:\/\/admin.jira-servis.cz\/?page_id=21"},"modified":"2019-12-04T21:23:27","modified_gmt":"2019-12-04T21:23:27","slug":"kontakt","status":"publish","type":"page","link":"https:\/\/jira-servis.cz\/?page_id=21","title":{"rendered":"Kontakt"},"content":{"rendered":"<p>Milan J\u00edra<\/p>\n<p>M\u00e1nesova 1509<\/p>\n<p>676 02 Moravsk\u00e9 Bud\u011bjovice<\/p>\n<p>I\u010c: 76531589<\/p>\n<p>DI\u010c: CZ8409131401<\/p>\n<p>Telefon: +420 775 300 320<\/p>\n<p>Email: jira.milan@email.cz<\/p>\n","protected":false},"excerpt":{"rendered":"<p>Milan J\u00edra M\u00e1nesova 1509 676 02 Moravsk\u00e9 Bud\u011bjovice I\u010c: 76531589 DI\u010c: CZ8409131401 Telefon: +420 775 300 320 Email: jira.milan@email.cz<\/p>\n","protected":false},"author":1,"featured_media":0,"parent":0,"menu_order":7,"comment_status":"closed","ping_status":"closed","template":"template-fullwidth.php","meta":[],"aioseo_notices":[],"_links":{"self":[{"href":"https:\/\/jira-servis.cz\/index.php?rest_route=\/wp\/v2\/pages\/21"}],"collection":[{"href":"https:\/\/jira-servis.cz\/index.php?rest_route=\/wp\/v2\/pages"}],"about":[{"href":"https:\/\/jira-servis.cz\/index.php?rest_route=\/wp\/v2\/types\/page"}],"author":[{"embeddable":true,"href":"https:\/\/jira-servis.cz\/index.php?rest_route=\/wp\/v2\/users\/1"}],"replies":[{"embeddable":true,"href":"https:\/\/jira-servis.cz\/index.php?rest_route=%2Fwp%2Fv2%2Fcomments&post=21"}],"version-history":[{"count":2,"href":"https:\/\/jira-servis.cz\/index.php?rest_route=\/wp\/v2\/pages\/21\/revisions"}],"predecessor-version":[{"id":195,"href":"https:\/\/jira-servis.cz\/index.php?rest_route=\/wp\/v2\/pages\/21\/revisions\/195"}],"wp:attachment":[{"href":"https:\/\/jira-servis.cz\/index.php?rest_route=%2Fwp%2Fv2%2Fmedia&parent=21"}],"curies":[{"name":"wp","href":"https:\/\/api.w.org\/{rel}","templated":true}]}}