{"id":499,"date":"2021-03-20T20:37:09","date_gmt":"2021-03-20T20:37:09","guid":{"rendered":"http:\/\/jira-servis.cz\/?page_id=499"},"modified":"2021-03-20T22:21:39","modified_gmt":"2021-03-20T22:21:39","slug":"uklid-komunikaci","status":"publish","type":"page","link":"http:\/\/jira-servis.cz\/?page_id=499","title":{"rendered":"\u00daklid komunikac\u00ed"},"content":{"rendered":"\n<figure class=\"wp-block-table is-style-regular\"><table><tbody><tr><td><strong>\u00daklid komunikac\u00ed <\/strong>je ur\u010den pro firmy, kter\u00e9 disponuj\u00ed v\u00fdrobn\u00edmi \u010di jin\u00fdmi are\u00e1ly. Pro \u00fa\u010del <strong>\u00faklidu komunikac\u00ed <\/strong>disponujeme zametac\u00edm vozem Hako citymaster 300 a malotrakt\u016frem se zamet\u00e1kem. Jeho p\u0159ednost\u00ed je to, \u017ee je \u0161etrn\u00fd k povrchu vozovek, obrubn\u00edk\u016f i zelen\u011b. Je vhodn\u00fd na zamet\u00e1n\u00ed a na \u00faklid nejen are\u00e1l\u016f, ale tak\u00e9 chodn\u00edk\u016f a jin\u00fdch men\u0161\u00edch komunikac\u00ed. M\u00e1me v t\u00e9to \u010dinnosti dlouhodobou praxi.<\/td><td>&nbsp;<\/td><\/tr><tr><td>Varianty \u00faklidu komunikac\u00ed jsou: <br>&#8211; strojn\u00ed zamet\u00e1n\u00ed <br>&#8211; ru\u010dn\u00ed zamet\u00e1n\u00ed <br>&#8211; kombinovan\u00e9 stroj\u00ed a ru\u010dn\u00ed <br><br>Sou\u010d\u00e1st\u00ed \u00faklidu komunikac\u00ed m\u016f\u017ee b\u00fdt: odstra\u0148ov\u00e1n\u00ed plevele za sp\u00e1r<\/td><\/tr><\/tbody><\/table><\/figure>\n","protected":false},"excerpt":{"rendered":"<p>\u00daklid komunikac\u00ed je ur\u010den pro firmy, kter\u00e9 disponuj\u00ed v\u00fdrobn\u00edmi \u010di jin\u00fdmi are\u00e1ly. Pro \u00fa\u010del \u00faklidu komunikac\u00ed disponujeme zametac\u00edm vozem Hako citymaster 300 a malotrakt\u016frem se zamet\u00e1kem. Jeho p\u0159ednost\u00ed je to, \u017ee je \u0161etrn\u00fd k povrchu vozovek, obrubn\u00edk\u016f i zelen\u011b. Je vhodn\u00fd na zamet\u00e1n\u00ed a na \u00faklid nejen are\u00e1l\u016f, ale tak\u00e9 chodn\u00edk\u016f a jin\u00fdch men\u0161\u00edch komunikac\u00ed. <a href=\"http:\/\/jira-servis.cz\/?page_id=499\" rel=\"nofollow\"><span class=\"sr-only\">P\u0159e\u010d\u00edst si v\u00edc o\u00daklid komunikac\u00ed<\/span>[&#8230;]<\/a><\/p>\n","protected":false},"author":1,"featured_media":0,"parent":0,"menu_order":6,"comment_status":"closed","ping_status":"closed","template":"template-fullwidth.php","meta":[],"aioseo_notices":[],"_links":{"self":[{"href":"http:\/\/jira-servis.cz\/index.php?rest_route=\/wp\/v2\/pages\/499"}],"collection":[{"href":"http:\/\/jira-servis.cz\/index.php?rest_route=\/wp\/v2\/pages"}],"about":[{"href":"http:\/\/jira-servis.cz\/index.php?rest_route=\/wp\/v2\/types\/page"}],"author":[{"embeddable":true,"href":"http:\/\/jira-servis.cz\/index.php?rest_route=\/wp\/v2\/users\/1"}],"replies":[{"embeddable":true,"href":"http:\/\/jira-servis.cz\/index.php?rest_route=%2Fwp%2Fv2%2Fcomments&post=499"}],"version-history":[{"count":2,"href":"http:\/\/jira-servis.cz\/index.php?rest_route=\/wp\/v2\/pages\/499\/revisions"}],"predecessor-version":[{"id":511,"href":"http:\/\/jira-servis.cz\/index.php?rest_route=\/wp\/v2\/pages\/499\/revisions\/511"}],"wp:attachment":[{"href":"http:\/\/jira-servis.cz\/index.php?rest_route=%2Fwp%2Fv2%2Fmedia&parent=499"}],"curies":[{"name":"wp","href":"https:\/\/api.w.org\/{rel}","templated":true}]}}