{"id":16,"date":"2016-08-21T20:23:21","date_gmt":"2016-08-21T20:23:21","guid":{"rendered":"http:\/\/admin.jira-servis.cz\/?page_id=16"},"modified":"2016-09-20T21:11:01","modified_gmt":"2016-09-20T21:11:01","slug":"udrzba-budov","status":"publish","type":"page","link":"http:\/\/jira-servis.cz\/?page_id=16","title":{"rendered":"Provoz a \u00fadr\u017eba budov"},"content":{"rendered":"<p>Komplexn\u00ed spr\u00e1va objektu za V\u00e1s na profesion\u00e1ln\u00ed \u00farovni vy\u0159e\u0161\u00ed ve\u0161kerou technickou spr\u00e1vu:\u00a0v\u010dasn\u00e9 revize, servisy a\u00a0odborn\u011b technick\u00e9 prohl\u00eddky, celkov\u00e1 \u00fadr\u017eba budov, zpracov\u00e1n\u00ed a\u00a0veden\u00ed dokumentace technick\u00fdch za\u0159\u00edzen\u00ed.<\/p>\n<p><strong>Technick\u00e1 spr\u00e1va a\u00a0jej\u00ed \u010dinnosti<\/strong><\/p>\n<ul>\n<li>obsluha a\u00a0provoz ve\u0161ker\u00fdch technick\u00fdch za\u0159\u00edzen\u00ed (nap\u0159. kotelna, strojovny, rozvody apod.)<\/li>\n<li>odborn\u00e1 kontrola \u0159\u00e1dn\u00e9ho chodu a\u00a0operativn\u00ed \u00fadr\u017eba technick\u00fdch za\u0159\u00edzen\u00ed<\/li>\n<li>prov\u00e1d\u011bn\u00ed pl\u00e1novan\u00e9 kontroln\u00ed \u010dinnosti stavebn\u00ed \u010d\u00e1sti objektu a\u00a0pl\u00e1novan\u00e9 kontroln\u00ed \u00fadr\u017ebov\u00e9 \u010dinnosti technick\u00fdch za\u0159\u00edzen\u00ed p\u0159edepsan\u00e9 jednotliv\u00fdmi v\u00fdrobci a\u00a0platn\u00fdmi normami<\/li>\n<li>prov\u00e1d\u011bn\u00ed provozn\u00ed \u00fadr\u017eby spole\u010dn\u00fdch prostor objektu a\u00a0provozn\u00ed \u00fadr\u017eby pevn\u011b zabudovan\u00fdch za\u0159\u00edzen\u00ed v\u00a0prostor\u00e1ch objektu<\/li>\n<li>drobn\u00e1 \u00fadr\u017eba z\u00e1me\u010dnick\u00fdch a\u00a0truhl\u00e1\u0159sk\u00fdch konstrukc\u00ed<\/li>\n<li>drobn\u00e9 mal\u00ed\u0159sk\u00e9 a\u00a0lak\u00fdrnick\u00e9 pr\u00e1ce<\/li>\n<li>poch\u016fzkov\u00e1 kontroln\u00ed \u010dinnost chodu a\u00a0stav\u016f technick\u00fdch za\u0159\u00edzen\u00ed, zaji\u0161t\u011bn\u00ed n\u00e1pravy<\/li>\n<li>pomocn\u00e9 pr\u00e1ce p\u0159i oprav\u00e1ch a\u00a0\u00fadr\u017eb\u011b vybaven\u00ed objektu (opravy dve\u0159n\u00edch k\u0159\u00eddel, v\u00fdm\u011bny stropn\u00edch kazet apod.)<\/li>\n<li>\u00fadr\u017eba koncov\u00fdch prvk\u016f zdravotn\u00edch instalac\u00ed a\u00a0sv\u011btlen\u00ed<\/li>\n<li>z\u00e1sobov\u00e1n\u00ed \u00fadr\u017ebov\u00fdm a\u00a0spot\u0159ebn\u00edm materi\u00e1lem, v\u010detn\u011b ekologick\u00e9 likvidace odpadu<\/li>\n<li>prov\u00e1d\u011bn\u00ed oprav technick\u00fdch za\u0159\u00edzen\u00ed v\u00fdm\u011bnn\u00fdm zp\u016fsobem, nap\u0159. \u010derpadla, elektromotory, \u010d\u00e1st\u00ed potrub\u00ed<\/li>\n<li>\u010di\u0161t\u011bn\u00ed technick\u00fdch za\u0159\u00edzen\u00ed<\/li>\n<li>se\u0159izov\u00e1n\u00ed a\u00a0nastaven\u00ed p\u0159\u00edstroj\u016f, stroj\u016f, pomocn\u00fdch prost\u0159edk\u016f, kter\u00e9 jsou pot\u0159eba k\u00a0provozov\u00e1n\u00ed technick\u00fdch za\u0159\u00edzen\u00ed<\/li>\n<li>poskytov\u00e1n\u00ed pot\u0159ebn\u00fdch m\u011b\u0159\u00edc\u00edch p\u0159\u00edstroj\u016f, n\u00e1\u0159ad\u00ed a\u00a0spot\u0159ebn\u00edho materi\u00e1lu<\/li>\n<\/ul>\n<p><strong>\u00dadr\u017eba budov<\/strong><\/p>\n<p>Do p\u0159edm\u011btu \u00fadr\u017eby budov spadaj\u00ed tato za\u0159\u00edzen\u00ed a\u00a0\u010dinnosti:<\/p>\n<ul>\n<li>stavebn\u00ed konstrukce<\/li>\n<li>sanit\u00e1rn\u00ed za\u0159\u00edzen\u00ed, kanalizace<\/li>\n<li>rozvody vody, plynov\u00e9 rozvody<\/li>\n<li>stabiln\u00ed hasic\u00ed za\u0159\u00edzen\u00ed<\/li>\n<li>vyt\u00e1p\u011bn\u00ed, vzduchotechnika a\u00a0chlazen\u00ed<\/li>\n<li>m\u011b\u0159en\u00ed a\u00a0regulace<\/li>\n<li>elektro silnoproud<\/li>\n<li>bleskosvod<\/li>\n<li>slaboproud \u2013 telefony, kabelov\u00e1 televize, po\u010d\u00edta\u010dov\u00e9 rozvody,<\/li>\n<li>evakua\u010dn\u00ed rozvod, dom\u00e1c\u00ed telefony a\u00a0dal\u0161\u00ed slaboproud\u00e9 rozvody<\/li>\n<li>p\u0159\u00edstupov\u00e9, kl\u00ed\u010dov\u00e9, kartov\u00e9 syst\u00e9my<\/li>\n<li>trafostanice, n\u00e1hradn\u00ed zdroj proudu<\/li>\n<li>p\u0159\u00edstupov\u00e9, kl\u00ed\u010dov\u00e9, kartov\u00e9 syst\u00e9my<\/li>\n<li>EPS, EZS, pr\u016fmyslov\u00e1 televize CCTV<\/li>\n<li>v\u00fdtahy<\/li>\n<li>kotelna<\/li>\n<li>odlu\u010dova\u010d tuku<\/li>\n<li>technologie stla\u010den\u00e9ho vzduchu<\/li>\n<li>p\u0159\u00edpojky \u2013 voda, plyn, silnoproud, kanalizace<\/li>\n<\/ul>\n<p><strong>Revize, servisy a\u00a0odborn\u011b technick\u00e9 prohl\u00eddky<\/strong><\/p>\n<p>Na\u0161i odborn\u011b zp\u016fsobil\u00ed pracovn\u00edci technick\u00e9 spr\u00e1vy objektu se postaraj\u00ed o\u00a0revize v\u0161ech uveden\u00fdch za\u0159\u00edzen\u00ed, a\u00a0to v\u017edy v\u00a0\u0159\u00e1dn\u00e9m term\u00ednu a\u00a0podle legislativn\u00edch p\u0159edpis\u016f.<\/p>\n<ul>\n<li>revize elektroza\u0159\u00edzen\u00ed<\/li>\n<li>revize elektrick\u00fdch spot\u0159ebi\u010d\u016f<\/li>\n<li>revize trafostanic<\/li>\n<li>revize detektor\u016f plynu &#8211; odborn\u00e9 prohl\u00eddky kotelny<\/li>\n<li>revize tlakov\u00fdch n\u00e1dob<\/li>\n<li>revize rozvodu plynu<\/li>\n<li>revize kom\u00edn\u016f<\/li>\n<li>revize regula\u010dn\u00edch stanic STL\/NTL<\/li>\n<li>revize v\u00fdtah\u016f a\u00a0eskal\u00e1tor\u016f<\/li>\n<li>kontroly t\u011bsnosti plynov\u00fdch za\u0159\u00edzen\u00ed<\/li>\n<li>revize a\u00a0prohl\u00eddky plynov\u00fdch spot\u0159ebi\u010d\u016f<\/li>\n<li>revize hydrant\u016f, revize cejchov\u00e1n\u00ed vodom\u011br\u016f<\/li>\n<li>revize zdvihac\u00edch za\u0159\u00edzen\u00ed<\/li>\n<li>revize stabiln\u00edch hasic\u00edch za\u0159\u00edzen\u00ed a\u00a0protipo\u017e\u00e1rn\u00edch klapek<\/li>\n<li>revize elektropo\u017e\u00e1rn\u00ed signalizace&gt;<\/li>\n<li>revize elektronick\u00e9ho zabezpe\u010dovac\u00edho syst\u00e9mu<\/li>\n<li>revize m\u011b\u0159i\u010d\u016f tepla<\/li>\n<li>revize hromosvod\u016f<\/li>\n<\/ul>\n<p><strong>Zpracov\u00e1n\u00ed a\u00a0veden\u00ed dokumentace technick\u00fdch za\u0159\u00edzen\u00ed<\/strong><\/p>\n<p>Na z\u00e1klad\u011b ve\u0161ker\u00e9 projektov\u00e9 a\u00a0dal\u0161\u00ed technologick\u00e9 dokumentace vypracujeme a\u00a0d\u00e1le povedeme provozn\u00ed dokumentaci komplexn\u00ed spr\u00e1vy objektu.<\/p>\n<p><strong>Provozn\u00ed dokumentace ke spr\u00e1v\u011b objektu:<\/strong><\/p>\n<ul>\n<li>domovn\u00ed \u0159\u00e1d objektu<\/li>\n<li>provozn\u00ed \u0159\u00e1d gar\u00e1\u017e\u00ed<\/li>\n<li>provozn\u00ed \u0159\u00e1d technologick\u00fdch za\u0159\u00edzen\u00ed<\/li>\n<li>havarijn\u00ed \u0159\u00e1d objektu<\/li>\n<li>pokyny pro havarijn\u00ed situace pro jednotliv\u00e9 provozy<\/li>\n<li>kniha hl\u00e1\u0161en\u00ed oprav objektu<\/li>\n<li>manu\u00e1l pro obsluhu \u0159\u00e1d\u00edc\u00edch syst\u00e9m\u016f M+R<\/li>\n<li>manu\u00e1ly pro obsluhu technologick\u00fdch za\u0159\u00edzen\u00ed<\/li>\n<li>provozn\u00ed dokumentace po\u017e\u00e1rn\u00ed ochrany, po\u017e\u00e1rn\u00ed \u0159\u00e1d, \u0159\u00e1d ohla\u0161ovny po\u017e\u00e1ru, po\u017e\u00e1rn\u00ed kniha objektu, kniha protipo\u017e\u00e1rn\u00edch klapek<\/li>\n<li>pl\u00e1n pro \u0159e\u0161en\u00ed krizov\u00fdch situac\u00ed, evakua\u010dn\u00ed pl\u00e1n<\/li>\n<li>sm\u011brnice pro periodickou kontrolu objektu prov\u00e1d\u011bn\u00e9 ostrahou<\/li>\n<li>pl\u00e1n periodick\u00e9 kontroly a\u00a0\u00fadr\u017eby objektu a\u00a0technologick\u00fdch za\u0159\u00edzen\u00ed<\/li>\n<li>pl\u00e1n reviz\u00ed, servis\u016f a\u00a0odborn\u011b technick\u00fdch prohl\u00eddek<\/li>\n<\/ul>\n<p>&nbsp;<\/p>\n","protected":false},"excerpt":{"rendered":"<p>Komplexn\u00ed spr\u00e1va objektu za V\u00e1s na profesion\u00e1ln\u00ed \u00farovni vy\u0159e\u0161\u00ed ve\u0161kerou technickou spr\u00e1vu:\u00a0v\u010dasn\u00e9 revize, servisy a\u00a0odborn\u011b technick\u00e9 prohl\u00eddky, celkov\u00e1 \u00fadr\u017eba budov, zpracov\u00e1n\u00ed a\u00a0veden\u00ed dokumentace technick\u00fdch za\u0159\u00edzen\u00ed. Technick\u00e1 spr\u00e1va a\u00a0jej\u00ed \u010dinnosti obsluha a\u00a0provoz ve\u0161ker\u00fdch technick\u00fdch za\u0159\u00edzen\u00ed (nap\u0159. kotelna, strojovny, rozvody apod.) odborn\u00e1 kontrola \u0159\u00e1dn\u00e9ho chodu a\u00a0operativn\u00ed \u00fadr\u017eba technick\u00fdch za\u0159\u00edzen\u00ed prov\u00e1d\u011bn\u00ed pl\u00e1novan\u00e9 kontroln\u00ed \u010dinnosti stavebn\u00ed \u010d\u00e1sti objektu a\u00a0pl\u00e1novan\u00e9 <a href=\"http:\/\/jira-servis.cz\/?page_id=16\" rel=\"nofollow\"><span class=\"sr-only\">P\u0159e\u010d\u00edst si v\u00edc oProvoz a \u00fadr\u017eba budov<\/span>[&#8230;]<\/a><\/p>\n","protected":false},"author":1,"featured_media":0,"parent":0,"menu_order":3,"comment_status":"closed","ping_status":"closed","template":"template-fullwidth.php","meta":[],"aioseo_notices":[],"_links":{"self":[{"href":"http:\/\/jira-servis.cz\/index.php?rest_route=\/wp\/v2\/pages\/16"}],"collection":[{"href":"http:\/\/jira-servis.cz\/index.php?rest_route=\/wp\/v2\/pages"}],"about":[{"href":"http:\/\/jira-servis.cz\/index.php?rest_route=\/wp\/v2\/types\/page"}],"author":[{"embeddable":true,"href":"http:\/\/jira-servis.cz\/index.php?rest_route=\/wp\/v2\/users\/1"}],"replies":[{"embeddable":true,"href":"http:\/\/jira-servis.cz\/index.php?rest_route=%2Fwp%2Fv2%2Fcomments&post=16"}],"version-history":[{"count":2,"href":"http:\/\/jira-servis.cz\/index.php?rest_route=\/wp\/v2\/pages\/16\/revisions"}],"predecessor-version":[{"id":116,"href":"http:\/\/jira-servis.cz\/index.php?rest_route=\/wp\/v2\/pages\/16\/revisions\/116"}],"wp:attachment":[{"href":"http:\/\/jira-servis.cz\/index.php?rest_route=%2Fwp%2Fv2%2Fmedia&parent=16"}],"curies":[{"name":"wp","href":"https:\/\/api.w.org\/{rel}","templated":true}]}}